{"id":400,"date":"2025-06-06T09:43:01","date_gmt":"2025-06-06T07:43:01","guid":{"rendered":"https:\/\/goeppel.eu\/v2\/?page_id=400"},"modified":"2025-06-06T12:34:10","modified_gmt":"2025-06-06T10:34:10","slug":"sponsoren-fuer-projektideen-gesucht","status":"publish","type":"page","link":"https:\/\/goeppel.eu\/v2\/sponsoren-fuer-projektideen-gesucht\/","title":{"rendered":"Sponsoren f\u00fcr Projektideen gesucht"},"content":{"rendered":"\n<p>Seit vielen Jahren treiben mich Ideen um, die ihresgleichen suchen. Die Resultate stelle ich meinen Bestands- und Neukunden zur Verf\u00fcgung.<\/p>\n\n\n\n<p>Im Folgenden ein kleiner \u00dcberblick \u00fcber Projekte, bei denen Sie mich unterst\u00fctzen k\u00f6nnen, um kleine, junge oder im Sozialbereich t\u00e4tige Unternehmen zu f\u00f6rdern und selbst auch noch davon zu profitieren.<\/p>\n\n\n\n<ul class=\"wp-block-list\">\n<li><a href=\"#devops\">Kosteng\u00fcnstige L\u00f6sungen f\u00fcr kleine Unternehmen<\/a><\/li>\n\n\n\n<li><a href=\"#software\">Entwicklung eines zukunftssicheren und hochflexiblen Softwareprojekts<\/a><\/li>\n<\/ul>\n\n\n\n<h2 class=\"wp-block-heading\" id=\"devops\">Kosteng\u00fcnstige L\u00f6sungen f\u00fcr kleine Unternehmen<\/h2>\n\n\n\n<p>Kleine Unternehmen haben oft nicht die M\u00f6glichkeiten zu wachsen, da entsprechende Softwareprodukte oder Anforderungen an die IT zu teuer oder unkalkulierbar sind<\/p>\n\n\n\n<p>Bereits sein \u00fcber 10 Jahren investiere ich, in deren Entwicklung, Automation und Aktualisierung Zeit und Ressourcen. Diese L\u00f6sungen werden erfolgreich betrieben, suchen jedoch Unterst\u00fctzer, um folgende Punkte zu \u00fcberarbeiten oder zu verbessern:<\/p>\n\n\n\n<ul class=\"wp-block-list\">\n<li>noch einfachere Bedienung f\u00fcr Kunden \/ Nutzer<\/li>\n\n\n\n<li>Schnellere Bereitstellung<\/li>\n\n\n\n<li>Mehr Unabh\u00e4ngigkeit von meiner Person<\/li>\n\n\n\n<li>Bessere Aktualit\u00e4t durch vom Kunden festlegbare Aktualisierungszyklen<\/li>\n\n\n\n<li>Vereinfachter Wechsel durch automatisierte Migrationen<\/li>\n\n\n\n<li>Verbesserte Hochverf\u00fcgbarkeit und Skalierung der Services, um f\u00fcr wechselnden Anspruch ger\u00fcstet zu sein<\/li>\n\n\n\n<li>und wie alle unsere Services vollst\u00e4ndig in Deutschland gehostet<\/li>\n<\/ul>\n\n\n\n<p>Diese Herausforderungen wurden in der Vergangenheit durch andere Projektarbeiten wie IT-Beratung, Softwareentwicklungen und Umsetzung von Projekten in Gro\u00dfunternehmen  von mir quersubventioniert. Daher sind bereits einige Punkte in Umsetzung und werden seit Jahren stetig verbessert. Allerdings hat sich meine Situation ge\u00e4ndert, sodass ich diese Quersubventionen nicht mehr leisten kann.<\/p>\n\n\n\n<p>Zu den Kunden z\u00e4hlen kleine Unternehmen, die im Handwerk, Produktion oder im Bereich der Jugendbetreuung (f\u00fcr Jugend\u00e4mter und Einrichtungen) t\u00e4tig sind.<\/p>\n\n\n\n<p>Die bisherige F\u00f6rderungssumme liegt bei etwa 3.000-7.000\u20ac \/ Monat<\/p>\n\n\n\n<h3 class=\"wp-block-heading\">Was erhalte ich als Investor f\u00fcr meine Unterst\u00fctzung?<\/h3>\n\n\n\n<ul class=\"wp-block-list\">\n<li>G\u00fcnstige oder kostenfreie Nutzung der angebotenen Services (Abh\u00e4ngig vom Investitionsbetrag)<\/li>\n\n\n\n<li>W\u00fcnsche f\u00fcr neue Services, die umgesetzt und bereitgestellt werden<\/li>\n\n\n\n<li>IT-Beratung und Aufbau von privaten IT-Anforderungen<\/li>\n\n\n\n<li>Weitere Vorteile, durch unser mobiles B\u00fcro bei Ihnen vor Ort, nach Absprache wie z.B.\n<ul class=\"wp-block-list\">\n<li>Nutzung meiner F\u00e4higkeiten und Ressourcen in Veranstaltungstechnik, Gesang, Audio\/Video Aufzeichnung und Bearbeitung<\/li>\n\n\n\n<li>Individuelle, pers\u00f6nliche, herausstechende Merchandise-Artikel oder Geburtstagsgeschenke<\/li>\n<\/ul>\n<\/li>\n<\/ul>\n\n\n\n<p><strong>Konnte ich Ihr Interesse wecken<\/strong>, dann freue ich mich auf ein pers\u00f6nliches Gespr\u00e4ch mit Ihnen!<\/p>\n\n\n\n<p>Hendrik G\u00f6ppel (Terminvereinbarung oder weitere Details unter +491775214945)<\/p>\n\n\n\n<h2 class=\"wp-block-heading\" id=\"software\">Entwicklung eines zukunftssicheren und hochflexiblen Softwareprojekts<\/h2>\n\n\n\n<p>Bereits seit 2005 konzipiere ich ein Softwareprodukt, das in der Lage ist, mit einer Vielzahl von bestehenden Softwareprodukten zu interagieren, Migrationen durchzuf\u00fchren oder sogar Altprodukte abzul\u00f6sen.<\/p>\n\n\n\n<p>Es wird nutzbar sein, um einfache Excel-Tabellen, Datenbank gest\u00fctzte Applikationen, mit oder ohne Abl\u00e4ufe oder Steuerzentralen aufzuwerten oder abzul\u00f6sen. Dabei sind viele Punkte, wie z.B.<\/p>\n\n\n\n<ul class=\"wp-block-list\">\n<li>zeitgesteuerte Aktualisierungen an Software oder Konfiguration<\/li>\n\n\n\n<li>einfach verwaltbare, detaillierte Datensatzberechtigung<\/li>\n\n\n\n<li>standardisierte Schnittstellen<\/li>\n\n\n\n<li>Echtzeitverarbeitung<\/li>\n\n\n\n<li>Echtzeit Zusammenarbeit<\/li>\n<\/ul>\n\n\n\n<p>und vieles Mehr bereits ber\u00fccksichtigt und konzeptioniert.<\/p>\n\n\n\n<p>Dar\u00fcber hinaus wird es vollst\u00e4ndig von den Nutzenden konfiguriert, erm\u00f6glicht es leicht Oberfl\u00e4chen zu designen, ist komplett mandantenf\u00e4hig und kann von Drittunternehmen erweitert werden. Auch das Entwickeln von Produkten f\u00fcr Kunden wird den Nutzern damit m\u00f6glich sein. Dadurch werden teure Eigenentwicklungen von Unternehmen nicht mehr notwendig sein. Das Herzst\u00fcck des ganzen wird an Flexibilit\u00e4t in Funktion, Berechtigung und Zuverl\u00e4ssigkeit neue Ma\u00dfst\u00e4be setzen.<\/p>\n\n\n\n<p>Bisher habe ich einen ersten POC (Proof of Concept) durchgef\u00fchrt, Produkte f\u00fcr Datenspeicherung, Frontendentwicklung und Skalierbarkeit gew\u00e4hlt. Seit einem Jahr f\u00fcgen sich alle Bausteine zusammen, sodass einer abschlie\u00dfenden Entwicklung nichts mehr im Wege steht.<\/p>\n\n\n\n<p>Mit einem Team von 3 bis 5 Entwicklern kann das Produkt in 2-3 Jahren bereits Marktreife erreichen. Nach dem ersten Jahr wird bereits der Kern funktionsf\u00e4hig sein und im Anschluss geht es an die Feinarbeiten, womit das Produkt an Einfachheit und Schnittstellen schnell zunehmen wird. Bereits ab dem 4. Jahr kann sich das Produkt selbst finanzieren und ab dem 5. Jahr Gewinne f\u00fcr Investoren und Betreiber einfahren.<\/p>\n\n\n\n<h3 class=\"wp-block-heading\">Was erhalte ich als Investor f\u00fcr meine Unterst\u00fctzung?<\/h3>\n\n\n\n<ul class=\"wp-block-list\">\n<li>Fr\u00fche Einblicke in das Produkt<\/li>\n\n\n\n<li>auf Wunsch fachliche Mitgestaltung der Funktionen, die das Produkt als erstes erhalten soll<\/li>\n\n\n\n<li>Verg\u00fcnstigte oder Kostenfreie Nutzung des Produktes, abh\u00e4ngig vom Investitionsvolumen<\/li>\n\n\n\n<li>Weitere Vorteile, durch unser mobiles B\u00fcro bei Ihnen vor Ort, nach Absprache wie z.B.\n<ul class=\"wp-block-list\">\n<li>Nutzung meiner F\u00e4higkeiten und Ressourcen in Veranstaltungstechnik, Gesang, Audio\/Video Aufzeichnung und Bearbeitung<\/li>\n\n\n\n<li>Individuelle, pers\u00f6nliche, herausstechende Merchandise-Artikel oder Geburtstagsgeschenke<\/li>\n<\/ul>\n<\/li>\n<\/ul>\n\n\n\n<p><strong>Konnte ich Ihr Interesse wecken<\/strong>, dann freue ich mich auf ein pers\u00f6nliches Gespr\u00e4ch!<\/p>\n\n\n\n<p>Hendrik G\u00f6ppel (Terminvereinbarung oder weitere Details unter +491775214945)<\/p>\n\n\n\n<p><\/p>\n","protected":false},"excerpt":{"rendered":"<p>Seit vielen Jahren treiben mich Ideen um, die ihresgleichen suchen. Die Resultate stelle ich meinen Bestands- und Neukunden zur Verf\u00fcgung. Im Folgenden ein kleiner \u00dcberblick \u00fcber Projekte, bei denen Sie mich unterst\u00fctzen k\u00f6nnen, um kleine, junge oder im Sozialbereich t\u00e4tige Unternehmen zu f\u00f6rdern und selbst auch noch davon zu profitieren. Kosteng\u00fcnstige L\u00f6sungen f\u00fcr kleine Unternehmen &hellip; <a href=\"https:\/\/goeppel.eu\/v2\/sponsoren-fuer-projektideen-gesucht\/\" class=\"more-link\"><span class=\"screen-reader-text\">Sponsoren f\u00fcr Projektideen gesucht<\/span> weiterlesen<\/a><\/p>\n","protected":false},"author":1,"featured_media":0,"parent":0,"menu_order":0,"comment_status":"closed","ping_status":"closed","template":"","meta":{"jetpack_post_was_ever_published":false,"footnotes":"[]"},"class_list":["post-400","page","type-page","status-publish","hentry"],"jetpack_sharing_enabled":true,"jetpack_shortlink":"https:\/\/wp.me\/P9l6D6-6s","_links":{"self":[{"href":"https:\/\/goeppel.eu\/v2\/wp-json\/wp\/v2\/pages\/400","targetHints":{"allow":["GET"]}}],"collection":[{"href":"https:\/\/goeppel.eu\/v2\/wp-json\/wp\/v2\/pages"}],"about":[{"href":"https:\/\/goeppel.eu\/v2\/wp-json\/wp\/v2\/types\/page"}],"author":[{"embeddable":true,"href":"https:\/\/goeppel.eu\/v2\/wp-json\/wp\/v2\/users\/1"}],"replies":[{"embeddable":true,"href":"https:\/\/goeppel.eu\/v2\/wp-json\/wp\/v2\/comments?post=400"}],"version-history":[{"count":16,"href":"https:\/\/goeppel.eu\/v2\/wp-json\/wp\/v2\/pages\/400\/revisions"}],"predecessor-version":[{"id":418,"href":"https:\/\/goeppel.eu\/v2\/wp-json\/wp\/v2\/pages\/400\/revisions\/418"}],"wp:attachment":[{"href":"https:\/\/goeppel.eu\/v2\/wp-json\/wp\/v2\/media?parent=400"}],"curies":[{"name":"wp","href":"https:\/\/api.w.org\/{rel}","templated":true}]}}