{"id":30,"date":"2015-07-08T09:07:43","date_gmt":"2015-07-08T07:07:43","guid":{"rendered":"http:\/\/goeppel.eu\/wordpress\/?page_id=30"},"modified":"2023-08-11T10:57:17","modified_gmt":"2023-08-11T08:57:17","slug":"individualisieren-von-opensource-produkten-oder-entwicklung-eigener-produkte","status":"publish","type":"page","link":"https:\/\/goeppel.eu\/v2\/individualisieren-von-opensource-produkten-oder-entwicklung-eigener-produkte\/","title":{"rendered":"Individualisieren von OpenSource-Produkten oder Entwicklung eigener Produkte"},"content":{"rendered":"<p>Sie haben ein Produkt gefunden, das Sie einsetzen m\u00f6chten, jedoch fehlt noch die ein oder andere Funktionalit\u00e4t oder Schnittstelle zu den vorhandenen Systemen.<\/p>\n<p>Oft gestaltet sich die Einf\u00fchrung einer neuen Software komplizierter als geplant, da die Datenkommunikation oder die einmalige \u00dcbernahme von Daten nicht kompatibel sind. Dar\u00fcber hinaus gibt es Funktionalit\u00e4ten, die angepasst werden m\u00fcssen.<\/p>\n<p>Dabei k\u00f6nnen wir Abhilfe schaffen. Denn wir entwickeln fehlende Schnittstellen oder erweitern Software um die Funktionalit\u00e4ten, die f\u00fcr Ihre Arbeit notwendig sind. Dabei bietet OpenSource Software oft einen sehr guten Ansatz f\u00fcr Erweiterungen, jedoch auch Standardsoftware wie bekannte Office-Pakete oder Warenwirtschaftssoftware enthalten M\u00f6glichkeiten zur Erweiterung.<\/p>\n<p>Sollten Sie und wir keine passende Software finden, die Ihren Anspr\u00fcchen gen\u00fcgt, erstellen wir Ihnen Ihre ganz individuelle Software. Dabei ist es unerheblich, ob Ihre Mitarbeiter nach Fertigstellung des Produktes die weitere Entwicklung und Pflege \u00fcbernehmen oder wir Ihnen zu einem sp\u00e4teren Zeitpunkt auftretende Anpassungsw\u00fcnsche realisieren.<\/p>\n","protected":false},"excerpt":{"rendered":"<p>Sie haben ein Produkt gefunden, das Sie einsetzen m\u00f6chten, jedoch fehlt noch die ein oder andere Funktionalit\u00e4t oder Schnittstelle zu den vorhandenen Systemen. Oft gestaltet sich die Einf\u00fchrung einer neuen Software komplizierter als geplant, da die Datenkommunikation oder die einmalige \u00dcbernahme von Daten nicht kompatibel sind. Dar\u00fcber hinaus gibt es Funktionalit\u00e4ten, die angepasst werden m\u00fcssen. &hellip; <a href=\"https:\/\/goeppel.eu\/v2\/individualisieren-von-opensource-produkten-oder-entwicklung-eigener-produkte\/\" class=\"more-link\"><span class=\"screen-reader-text\">Individualisieren von OpenSource-Produkten oder Entwicklung eigener Produkte<\/span> weiterlesen<\/a><\/p>\n","protected":false},"author":1,"featured_media":83,"parent":0,"menu_order":0,"comment_status":"closed","ping_status":"open","template":"","meta":{"jetpack_post_was_ever_published":false,"footnotes":""},"class_list":["post-30","page","type-page","status-publish","has-post-thumbnail","hentry"],"jetpack_sharing_enabled":true,"jetpack_shortlink":"https:\/\/wp.me\/P9l6D6-u","_links":{"self":[{"href":"https:\/\/goeppel.eu\/v2\/wp-json\/wp\/v2\/pages\/30","targetHints":{"allow":["GET"]}}],"collection":[{"href":"https:\/\/goeppel.eu\/v2\/wp-json\/wp\/v2\/pages"}],"about":[{"href":"https:\/\/goeppel.eu\/v2\/wp-json\/wp\/v2\/types\/page"}],"author":[{"embeddable":true,"href":"https:\/\/goeppel.eu\/v2\/wp-json\/wp\/v2\/users\/1"}],"replies":[{"embeddable":true,"href":"https:\/\/goeppel.eu\/v2\/wp-json\/wp\/v2\/comments?post=30"}],"version-history":[{"count":6,"href":"https:\/\/goeppel.eu\/v2\/wp-json\/wp\/v2\/pages\/30\/revisions"}],"predecessor-version":[{"id":75,"href":"https:\/\/goeppel.eu\/v2\/wp-json\/wp\/v2\/pages\/30\/revisions\/75"}],"wp:featuredmedia":[{"embeddable":true,"href":"https:\/\/goeppel.eu\/v2\/wp-json\/wp\/v2\/media\/83"}],"wp:attachment":[{"href":"https:\/\/goeppel.eu\/v2\/wp-json\/wp\/v2\/media?parent=30"}],"curies":[{"name":"wp","href":"https:\/\/api.w.org\/{rel}","templated":true}]}}