{"id":265,"date":"2022-04-13T14:17:02","date_gmt":"2022-04-13T12:17:02","guid":{"rendered":"https:\/\/goeppel.eu\/v2\/?page_id=265"},"modified":"2023-08-11T11:10:28","modified_gmt":"2023-08-11T09:10:28","slug":"erstellen-von-3d-druck-modellen","status":"publish","type":"page","link":"https:\/\/goeppel.eu\/v2\/erstellen-von-3d-druck-modellen\/","title":{"rendered":"Erstellen von 3D-Druck-Modellen und Prototypen drucken"},"content":{"rendered":"\n<p>Seien es Ersatzteile, die nicht mehr zu bekommen sind, individuelle Geh\u00e4use f\u00fcr Teile, die von \u00e4u\u00dferen Einfl\u00fcssen gesch\u00fctzt bleiben sollen oder ein individueller Blumentopf f\u00fcr die Wohnmobilwand. Sie erkl\u00e4ren uns, was Sie ben\u00f6tigen und wir entwerfen mit Ihnen gemeinsam das 3D-Modell. Mit unseren hochwertigen Druckern kann ein erstes Entwurfsmodell gedruckt und von Ihnen begutachtet werden, bevor das Modell von professionellen Herstellern zu einem fertigen Gegenstand aufbereitet wird.<\/p>\n","protected":false},"excerpt":{"rendered":"<p>Seien es Ersatzteile, die nicht mehr zu bekommen sind, individuelle Geh\u00e4use f\u00fcr Teile, die von \u00e4u\u00dferen Einfl\u00fcssen gesch\u00fctzt bleiben sollen oder ein individueller Blumentopf f\u00fcr die Wohnmobilwand. Sie erkl\u00e4ren uns, was Sie ben\u00f6tigen und wir entwerfen mit Ihnen gemeinsam das 3D-Modell. Mit unseren hochwertigen Druckern kann ein erstes Entwurfsmodell gedruckt und von Ihnen begutachtet werden, &hellip; <a href=\"https:\/\/goeppel.eu\/v2\/erstellen-von-3d-druck-modellen\/\" class=\"more-link\"><span class=\"screen-reader-text\">Erstellen von 3D-Druck-Modellen und Prototypen drucken<\/span> weiterlesen<\/a><\/p>\n","protected":false},"author":1,"featured_media":303,"parent":0,"menu_order":0,"comment_status":"closed","ping_status":"closed","template":"","meta":{"jetpack_post_was_ever_published":false,"footnotes":""},"class_list":["post-265","page","type-page","status-publish","has-post-thumbnail","hentry"],"jetpack_sharing_enabled":true,"jetpack_shortlink":"https:\/\/wp.me\/P9l6D6-4h","_links":{"self":[{"href":"https:\/\/goeppel.eu\/v2\/wp-json\/wp\/v2\/pages\/265","targetHints":{"allow":["GET"]}}],"collection":[{"href":"https:\/\/goeppel.eu\/v2\/wp-json\/wp\/v2\/pages"}],"about":[{"href":"https:\/\/goeppel.eu\/v2\/wp-json\/wp\/v2\/types\/page"}],"author":[{"embeddable":true,"href":"https:\/\/goeppel.eu\/v2\/wp-json\/wp\/v2\/users\/1"}],"replies":[{"embeddable":true,"href":"https:\/\/goeppel.eu\/v2\/wp-json\/wp\/v2\/comments?post=265"}],"version-history":[{"count":3,"href":"https:\/\/goeppel.eu\/v2\/wp-json\/wp\/v2\/pages\/265\/revisions"}],"predecessor-version":[{"id":304,"href":"https:\/\/goeppel.eu\/v2\/wp-json\/wp\/v2\/pages\/265\/revisions\/304"}],"wp:featuredmedia":[{"embeddable":true,"href":"https:\/\/goeppel.eu\/v2\/wp-json\/wp\/v2\/media\/303"}],"wp:attachment":[{"href":"https:\/\/goeppel.eu\/v2\/wp-json\/wp\/v2\/media?parent=265"}],"curies":[{"name":"wp","href":"https:\/\/api.w.org\/{rel}","templated":true}]}}